{"id":1103,"date":"2023-04-17T09:19:18","date_gmt":"2023-04-17T09:19:18","guid":{"rendered":"https:\/\/s-wan.maarevenonline.be\/?page_id=1103"},"modified":"2026-01-12T07:44:38","modified_gmt":"2026-01-12T07:44:38","slug":"gefuehrte-besichtigung-der-bruegger-biographien","status":"publish","type":"page","link":"https:\/\/s-wan.maarevenonline.be\/de\/gefuehrte-besichtigung-der-bruegger-biographien\/","title":{"rendered":"Gef\u00fchrte Besichtigung der Br\u00fcgger Biographien"},"content":{"rendered":"\t\t<div data-elementor-type=\"wp-page\" data-elementor-id=\"1103\" class=\"elementor elementor-1103 elementor-263\" data-elementor-post-type=\"page\">\n\t\t\t\t<div class=\"elementor-element elementor-element-6c0a339c s-wan-section s-wan-header-text e-flex e-con-boxed e-con e-parent\" data-id=\"6c0a339c\" data-element_type=\"container\" data-e-type=\"container\" data-settings=\"{&quot;background_background&quot;:&quot;classic&quot;}\">\n\t\t\t\t\t<div class=\"e-con-inner\">\n\t\t\t\t<div class=\"elementor-element elementor-element-60281dc3 s-wan-header-text elementor-widget elementor-widget-heading\" data-id=\"60281dc3\" data-element_type=\"widget\" data-e-type=\"widget\" data-widget_type=\"heading.default\">\n\t\t\t\t<div class=\"elementor-widget-container\">\n\t\t\t\t\t<h1 class=\"elementor-heading-title elementor-size-default\">Entdecken Sie Br\u00fcgge \u2013 Mysteri\u00f6ses Br\u00fcgge<\/h1>\t\t\t\t<\/div>\n\t\t\t\t<\/div>\n\t\t\t\t<div class=\"elementor-element elementor-element-27c1820b elementor-widget elementor-widget-text-editor\" data-id=\"27c1820b\" data-element_type=\"widget\" data-e-type=\"widget\" data-widget_type=\"text-editor.default\">\n\t\t\t\t<div class=\"elementor-widget-container\">\n\t\t\t\t\t\t\t\t\t<p>Spannende Biografien unserer Vorg\u00e4ngerinnen und Vorg\u00e4nger<\/p>\t\t\t\t\t\t\t\t<\/div>\n\t\t\t\t<\/div>\n\t\t\t\t\t<\/div>\n\t\t\t\t<\/div>\n\t\t\t\t<section class=\"elementor-section elementor-top-section elementor-element elementor-element-95f215a elementor-section-boxed elementor-section-height-default elementor-section-height-default\" data-id=\"95f215a\" data-element_type=\"section\" data-e-type=\"section\">\n\t\t\t\t\t\t<div class=\"elementor-container elementor-column-gap-default\">\n\t\t\t\t\t<div class=\"elementor-column elementor-col-100 elementor-top-column elementor-element elementor-element-4cdbcad\" data-id=\"4cdbcad\" data-element_type=\"column\" data-e-type=\"column\">\n\t\t\t<div class=\"elementor-widget-wrap elementor-element-populated\">\n\t\t\t\t\t\t<div class=\"elementor-element elementor-element-f73ddb9 elementor-widget elementor-widget-shortcode\" data-id=\"f73ddb9\" data-element_type=\"widget\" data-e-type=\"widget\" data-widget_type=\"shortcode.default\">\n\t\t\t\t<div class=\"elementor-widget-container\">\n\t\t\t\t\t\t\t<div class=\"elementor-shortcode\"><product-catalog-widget widget-id=\"f5b05ef7-b3c7-46af-bfb9-00b9cb87d2b8\"><\/product-catalog-widget><script type=\"text\/javascript\" src=\"https:\/\/widgets.regiondo.net\/catalog\/v1\/catalog-widget.min.js\"><\/script><\/div>\n\t\t\t\t\t\t<\/div>\n\t\t\t\t<\/div>\n\t\t\t\t\t<\/div>\n\t\t<\/div>\n\t\t\t\t\t<\/div>\n\t\t<\/section>\n\t\t\t\t<\/div>\n\t\t","protected":false},"excerpt":{"rendered":"<p>Entdecken Sie Br\u00fcgge \u2013 Mysteri\u00f6ses Br\u00fcgge Spannende Biografien unserer Vorg\u00e4ngerinnen und Vorg\u00e4nger<\/p>\n","protected":false},"author":6,"featured_media":0,"parent":0,"menu_order":0,"comment_status":"closed","ping_status":"closed","template":"elementor_header_footer","meta":{"footnotes":""},"class_list":["post-1103","page","type-page","status-publish","hentry"],"yoast_head":"<!-- This site is optimized with the Yoast SEO plugin v27.6 - https:\/\/yoast.com\/product\/yoast-seo-wordpress\/ -->\n<title>Gef\u00fchrte Besichtigung der Br\u00fcgger Biographien - S-wan Brugge<\/title>\n<meta name=\"description\" content=\"Faszinierende Br\u00fcgger Geschichten, Legenden und Symbole an \u00fcberraschenden Orten, die \u00fcber Br\u00fcgge verstreut sind. Zu Fu\u00df oder mit dem Fahrrad, mit einem erfahrenen F\u00fchrer.\" \/>\n<meta name=\"robots\" content=\"noindex, follow, max-snippet:-1, max-image-preview:large, max-video-preview:-1\" \/>\n<meta property=\"og:locale\" content=\"de_DE\" \/>\n<meta property=\"og:type\" content=\"article\" \/>\n<meta property=\"og:title\" content=\"Gef\u00fchrte Besichtigung der Br\u00fcgger Biographien - S-wan Brugge\" \/>\n<meta property=\"og:description\" content=\"Faszinierende Br\u00fcgger Geschichten, Legenden und Symbole an \u00fcberraschenden Orten, die \u00fcber Br\u00fcgge verstreut sind. Zu Fu\u00df oder mit dem Fahrrad, mit einem erfahrenen F\u00fchrer.\" \/>\n<meta property=\"og:url\" content=\"https:\/\/s-wan.maarevenonline.be\/de\/gefuehrte-besichtigung-der-bruegger-biographien\/\" \/>\n<meta property=\"og:site_name\" content=\"S-wan Brugge\" \/>\n<meta property=\"article:publisher\" content=\"https:\/\/www.facebook.com\/swanbrugge\" \/>\n<meta property=\"article:modified_time\" content=\"2026-01-12T07:44:38+00:00\" \/>\n<meta name=\"twitter:card\" content=\"summary_large_image\" \/>\n<script type=\"application\/ld+json\" class=\"yoast-schema-graph\">{\"@context\":\"https:\\\/\\\/schema.org\",\"@graph\":[{\"@type\":\"WebPage\",\"@id\":\"https:\\\/\\\/s-wan.maarevenonline.be\\\/de\\\/gefuehrte-besichtigung-der-bruegger-biographien\\\/\",\"url\":\"https:\\\/\\\/s-wan.maarevenonline.be\\\/de\\\/gefuehrte-besichtigung-der-bruegger-biographien\\\/\",\"name\":\"Gef\u00fchrte Besichtigung der Br\u00fcgger Biographien - S-wan Brugge\",\"isPartOf\":{\"@id\":\"https:\\\/\\\/s-wan.maarevenonline.be\\\/de\\\/#website\"},\"datePublished\":\"2023-04-17T09:19:18+00:00\",\"dateModified\":\"2026-01-12T07:44:38+00:00\",\"description\":\"Faszinierende Br\u00fcgger Geschichten, Legenden und Symbole an \u00fcberraschenden Orten, die \u00fcber Br\u00fcgge verstreut sind. Zu Fu\u00df oder mit dem Fahrrad, mit einem erfahrenen F\u00fchrer.\",\"breadcrumb\":{\"@id\":\"https:\\\/\\\/s-wan.maarevenonline.be\\\/de\\\/gefuehrte-besichtigung-der-bruegger-biographien\\\/#breadcrumb\"},\"inLanguage\":\"de\",\"potentialAction\":[{\"@type\":\"ReadAction\",\"target\":[\"https:\\\/\\\/s-wan.maarevenonline.be\\\/de\\\/gefuehrte-besichtigung-der-bruegger-biographien\\\/\"]}]},{\"@type\":\"BreadcrumbList\",\"@id\":\"https:\\\/\\\/s-wan.maarevenonline.be\\\/de\\\/gefuehrte-besichtigung-der-bruegger-biographien\\\/#breadcrumb\",\"itemListElement\":[{\"@type\":\"ListItem\",\"position\":1,\"name\":\"Home\",\"item\":\"https:\\\/\\\/s-wan.maarevenonline.be\\\/de\\\/\"},{\"@type\":\"ListItem\",\"position\":2,\"name\":\"Gef\u00fchrte Besichtigung der Br\u00fcgger Biographien\"}]},{\"@type\":\"WebSite\",\"@id\":\"https:\\\/\\\/s-wan.maarevenonline.be\\\/de\\\/#website\",\"url\":\"https:\\\/\\\/s-wan.maarevenonline.be\\\/de\\\/\",\"name\":\"S-wan Brugge\",\"description\":\"Bezoek Brugge met een gids\",\"publisher\":{\"@id\":\"https:\\\/\\\/s-wan.maarevenonline.be\\\/de\\\/#organization\"},\"potentialAction\":[{\"@type\":\"SearchAction\",\"target\":{\"@type\":\"EntryPoint\",\"urlTemplate\":\"https:\\\/\\\/s-wan.maarevenonline.be\\\/de\\\/?s={search_term_string}\"},\"query-input\":{\"@type\":\"PropertyValueSpecification\",\"valueRequired\":true,\"valueName\":\"search_term_string\"}}],\"inLanguage\":\"de\"},{\"@type\":\"Organization\",\"@id\":\"https:\\\/\\\/s-wan.maarevenonline.be\\\/de\\\/#organization\",\"name\":\"S-wan Brugge\",\"url\":\"https:\\\/\\\/s-wan.maarevenonline.be\\\/de\\\/\",\"logo\":{\"@type\":\"ImageObject\",\"inLanguage\":\"de\",\"@id\":\"https:\\\/\\\/s-wan.maarevenonline.be\\\/de\\\/#\\\/schema\\\/logo\\\/image\\\/\",\"url\":\"https:\\\/\\\/s-wan.maarevenonline.be\\\/wp-content\\\/uploads\\\/2024\\\/04\\\/logo-s-wan-footer.webp\",\"contentUrl\":\"https:\\\/\\\/s-wan.maarevenonline.be\\\/wp-content\\\/uploads\\\/2024\\\/04\\\/logo-s-wan-footer.webp\",\"width\":403,\"height\":313,\"caption\":\"S-wan Brugge\"},\"image\":{\"@id\":\"https:\\\/\\\/s-wan.maarevenonline.be\\\/de\\\/#\\\/schema\\\/logo\\\/image\\\/\"},\"sameAs\":[\"https:\\\/\\\/www.facebook.com\\\/swanbrugge\",\"https:\\\/\\\/www.linkedin.com\\\/company\\\/s-wan-brugge-vzw\\\/\",\"https:\\\/\\\/www.tripadvisor.be\\\/Attraction_Review-g188671-d16845802-Reviews-S_wan_Bruges_guides_with_a_twist-Bruges_West_Flanders_Province.html\",\"https:\\\/\\\/www.instagram.com\\\/s_wan_guides_with_a_twist\\\/\"]}]}<\/script>\n<!-- \/ Yoast SEO plugin. -->","yoast_head_json":{"title":"Gef\u00fchrte Besichtigung der Br\u00fcgger Biographien - S-wan Brugge","description":"Faszinierende Br\u00fcgger Geschichten, Legenden und Symbole an \u00fcberraschenden Orten, die \u00fcber Br\u00fcgge verstreut sind. Zu Fu\u00df oder mit dem Fahrrad, mit einem erfahrenen F\u00fchrer.","robots":{"index":"noindex","follow":"follow","max-snippet":"max-snippet:-1","max-image-preview":"max-image-preview:large","max-video-preview":"max-video-preview:-1"},"og_locale":"de_DE","og_type":"article","og_title":"Gef\u00fchrte Besichtigung der Br\u00fcgger Biographien - S-wan Brugge","og_description":"Faszinierende Br\u00fcgger Geschichten, Legenden und Symbole an \u00fcberraschenden Orten, die \u00fcber Br\u00fcgge verstreut sind. Zu Fu\u00df oder mit dem Fahrrad, mit einem erfahrenen F\u00fchrer.","og_url":"https:\/\/s-wan.maarevenonline.be\/de\/gefuehrte-besichtigung-der-bruegger-biographien\/","og_site_name":"S-wan Brugge","article_publisher":"https:\/\/www.facebook.com\/swanbrugge","article_modified_time":"2026-01-12T07:44:38+00:00","twitter_card":"summary_large_image","schema":{"@context":"https:\/\/schema.org","@graph":[{"@type":"WebPage","@id":"https:\/\/s-wan.maarevenonline.be\/de\/gefuehrte-besichtigung-der-bruegger-biographien\/","url":"https:\/\/s-wan.maarevenonline.be\/de\/gefuehrte-besichtigung-der-bruegger-biographien\/","name":"Gef\u00fchrte Besichtigung der Br\u00fcgger Biographien - S-wan Brugge","isPartOf":{"@id":"https:\/\/s-wan.maarevenonline.be\/de\/#website"},"datePublished":"2023-04-17T09:19:18+00:00","dateModified":"2026-01-12T07:44:38+00:00","description":"Faszinierende Br\u00fcgger Geschichten, Legenden und Symbole an \u00fcberraschenden Orten, die \u00fcber Br\u00fcgge verstreut sind. Zu Fu\u00df oder mit dem Fahrrad, mit einem erfahrenen F\u00fchrer.","breadcrumb":{"@id":"https:\/\/s-wan.maarevenonline.be\/de\/gefuehrte-besichtigung-der-bruegger-biographien\/#breadcrumb"},"inLanguage":"de","potentialAction":[{"@type":"ReadAction","target":["https:\/\/s-wan.maarevenonline.be\/de\/gefuehrte-besichtigung-der-bruegger-biographien\/"]}]},{"@type":"BreadcrumbList","@id":"https:\/\/s-wan.maarevenonline.be\/de\/gefuehrte-besichtigung-der-bruegger-biographien\/#breadcrumb","itemListElement":[{"@type":"ListItem","position":1,"name":"Home","item":"https:\/\/s-wan.maarevenonline.be\/de\/"},{"@type":"ListItem","position":2,"name":"Gef\u00fchrte Besichtigung der Br\u00fcgger Biographien"}]},{"@type":"WebSite","@id":"https:\/\/s-wan.maarevenonline.be\/de\/#website","url":"https:\/\/s-wan.maarevenonline.be\/de\/","name":"S-wan Brugge","description":"Bezoek Brugge met een gids","publisher":{"@id":"https:\/\/s-wan.maarevenonline.be\/de\/#organization"},"potentialAction":[{"@type":"SearchAction","target":{"@type":"EntryPoint","urlTemplate":"https:\/\/s-wan.maarevenonline.be\/de\/?s={search_term_string}"},"query-input":{"@type":"PropertyValueSpecification","valueRequired":true,"valueName":"search_term_string"}}],"inLanguage":"de"},{"@type":"Organization","@id":"https:\/\/s-wan.maarevenonline.be\/de\/#organization","name":"S-wan Brugge","url":"https:\/\/s-wan.maarevenonline.be\/de\/","logo":{"@type":"ImageObject","inLanguage":"de","@id":"https:\/\/s-wan.maarevenonline.be\/de\/#\/schema\/logo\/image\/","url":"https:\/\/s-wan.maarevenonline.be\/wp-content\/uploads\/2024\/04\/logo-s-wan-footer.webp","contentUrl":"https:\/\/s-wan.maarevenonline.be\/wp-content\/uploads\/2024\/04\/logo-s-wan-footer.webp","width":403,"height":313,"caption":"S-wan Brugge"},"image":{"@id":"https:\/\/s-wan.maarevenonline.be\/de\/#\/schema\/logo\/image\/"},"sameAs":["https:\/\/www.facebook.com\/swanbrugge","https:\/\/www.linkedin.com\/company\/s-wan-brugge-vzw\/","https:\/\/www.tripadvisor.be\/Attraction_Review-g188671-d16845802-Reviews-S_wan_Bruges_guides_with_a_twist-Bruges_West_Flanders_Province.html","https:\/\/www.instagram.com\/s_wan_guides_with_a_twist\/"]}]}},"_links":{"self":[{"href":"https:\/\/s-wan.maarevenonline.be\/de\/wp-json\/wp\/v2\/pages\/1103","targetHints":{"allow":["GET"]}}],"collection":[{"href":"https:\/\/s-wan.maarevenonline.be\/de\/wp-json\/wp\/v2\/pages"}],"about":[{"href":"https:\/\/s-wan.maarevenonline.be\/de\/wp-json\/wp\/v2\/types\/page"}],"author":[{"embeddable":true,"href":"https:\/\/s-wan.maarevenonline.be\/de\/wp-json\/wp\/v2\/users\/6"}],"replies":[{"embeddable":true,"href":"https:\/\/s-wan.maarevenonline.be\/de\/wp-json\/wp\/v2\/comments?post=1103"}],"version-history":[{"count":29,"href":"https:\/\/s-wan.maarevenonline.be\/de\/wp-json\/wp\/v2\/pages\/1103\/revisions"}],"predecessor-version":[{"id":5603,"href":"https:\/\/s-wan.maarevenonline.be\/de\/wp-json\/wp\/v2\/pages\/1103\/revisions\/5603"}],"wp:attachment":[{"href":"https:\/\/s-wan.maarevenonline.be\/de\/wp-json\/wp\/v2\/media?parent=1103"}],"curies":[{"name":"wp","href":"https:\/\/api.w.org\/{rel}","templated":true}]}}