{"id":1131,"date":"2023-04-06T13:16:30","date_gmt":"2023-04-06T13:16:30","guid":{"rendered":"https:\/\/s-wan.maarevenonline.be\/?page_id=1131"},"modified":"2026-01-14T08:35:05","modified_gmt":"2026-01-14T08:35:05","slug":"ueber-s-wan-fuehrer","status":"publish","type":"page","link":"https:\/\/s-wan.maarevenonline.be\/de\/ueber-s-wan-fuehrer\/","title":{"rendered":"\u00dcber S-wan"},"content":{"rendered":"\t\t<div data-elementor-type=\"wp-page\" data-elementor-id=\"1131\" class=\"elementor elementor-1131 elementor-172\" data-elementor-post-type=\"page\">\n\t\t\t\t<div class=\"elementor-element elementor-element-11b80b1 s-wan-section e-flex e-con-boxed e-con e-parent\" data-id=\"11b80b1\" data-element_type=\"container\" data-e-type=\"container\" data-settings=\"{&quot;background_background&quot;:&quot;classic&quot;}\">\n\t\t\t\t\t<div class=\"e-con-inner\">\n\t\t\t\t<div class=\"elementor-element elementor-element-be8b11a elementor-widget elementor-widget-heading\" data-id=\"be8b11a\" data-element_type=\"widget\" data-e-type=\"widget\" data-widget_type=\"heading.default\">\n\t\t\t\t<div class=\"elementor-widget-container\">\n\t\t\t\t\t<h1 class=\"elementor-heading-title elementor-size-default\">20 Jahre S-wan<\/h1>\t\t\t\t<\/div>\n\t\t\t\t<\/div>\n\t\t\t\t\t<\/div>\n\t\t\t\t<\/div>\n\t\t\t\t<section class=\"elementor-section elementor-top-section elementor-element elementor-element-f1cbffb s-wan-section elementor-section-boxed elementor-section-height-default elementor-section-height-default\" data-id=\"f1cbffb\" data-element_type=\"section\" data-e-type=\"section\">\n\t\t\t\t\t\t<div class=\"elementor-container elementor-column-gap-default\">\n\t\t\t\t\t<div class=\"elementor-column elementor-col-50 elementor-top-column elementor-element elementor-element-1618cdf\" data-id=\"1618cdf\" data-element_type=\"column\" data-e-type=\"column\">\n\t\t\t<div class=\"elementor-widget-wrap elementor-element-populated\">\n\t\t\t\t\t\t<div class=\"elementor-element elementor-element-9421ac3 elementor-widget elementor-widget-image\" data-id=\"9421ac3\" data-element_type=\"widget\" data-e-type=\"widget\" data-widget_type=\"image.default\">\n\t\t\t\t<div class=\"elementor-widget-container\">\n\t\t\t\t\t\t\t\t\t\t\t\t\t\t\t<img fetchpriority=\"high\" decoding=\"async\" width=\"613\" height=\"1024\" src=\"https:\/\/s-wan.maarevenonline.be\/wp-content\/uploads\/2024\/05\/s-wan-brugge-rondleidingen-613x1024.jpg\" class=\"attachment-large size-large wp-image-3051\" alt=\"\" srcset=\"https:\/\/s-wan.maarevenonline.be\/wp-content\/uploads\/2024\/05\/s-wan-brugge-rondleidingen-613x1024.jpg 613w, https:\/\/s-wan.maarevenonline.be\/wp-content\/uploads\/2024\/05\/s-wan-brugge-rondleidingen-180x300.jpg 180w, https:\/\/s-wan.maarevenonline.be\/wp-content\/uploads\/2024\/05\/s-wan-brugge-rondleidingen-768x1283.jpg 768w, https:\/\/s-wan.maarevenonline.be\/wp-content\/uploads\/2024\/05\/s-wan-brugge-rondleidingen-920x1536.jpg 920w, https:\/\/s-wan.maarevenonline.be\/wp-content\/uploads\/2024\/05\/s-wan-brugge-rondleidingen.jpg 997w\" sizes=\"(max-width: 613px) 100vw, 613px\" \/>\t\t\t\t\t\t\t\t\t\t\t\t\t\t\t<\/div>\n\t\t\t\t<\/div>\n\t\t\t\t\t<\/div>\n\t\t<\/div>\n\t\t\t\t<div class=\"elementor-column elementor-col-50 elementor-top-column elementor-element elementor-element-ef60284\" data-id=\"ef60284\" data-element_type=\"column\" data-e-type=\"column\">\n\t\t\t<div class=\"elementor-widget-wrap elementor-element-populated\">\n\t\t\t\t\t\t<div class=\"elementor-element elementor-element-dd6d76d elementor-widget elementor-widget-heading\" data-id=\"dd6d76d\" data-element_type=\"widget\" data-e-type=\"widget\" data-widget_type=\"heading.default\">\n\t\t\t\t<div class=\"elementor-widget-container\">\n\t\t\t\t\t<h2 class=\"elementor-heading-title elementor-size-default\">\u00dcberraschende Zutaten f\u00fcr eine St\u00e4dtereise mit Stil!<\/h2>\t\t\t\t<\/div>\n\t\t\t\t<\/div>\n\t\t\t\t<div class=\"elementor-element elementor-element-b538348 elementor-widget elementor-widget-heading\" data-id=\"b538348\" data-element_type=\"widget\" data-e-type=\"widget\" data-widget_type=\"heading.default\">\n\t\t\t\t<div class=\"elementor-widget-container\">\n\t\t\t\t\t<h3 class=\"elementor-heading-title elementor-size-default\">Unsere Geschichte<\/h3>\t\t\t\t<\/div>\n\t\t\t\t<\/div>\n\t\t\t\t<div class=\"elementor-element elementor-element-a2f04ab elementor-widget elementor-widget-text-editor\" data-id=\"a2f04ab\" data-element_type=\"widget\" data-e-type=\"widget\" data-widget_type=\"text-editor.default\">\n\t\t\t\t<div class=\"elementor-widget-container\">\n\t\t\t\t\t\t\t\t\t<p>2006. Geert und Kurt, zwei junge <strong>Stadtf\u00fchrer aus Br\u00fcgge<\/strong>, tun sich zusammen. Sie befreien sich aus der Zwangsjacke des &#8222;klassischen Stadtspaziergangs&#8220;. Zum ersten Mal werden die Besucher mehr von Br\u00fcgge zu sehen bekommen als nur die traditionellen Pl\u00e4tze zwischen Marktplatz und Burg. Ihre &#8222;Special Walks&#8220; (&#8222;S-wan&#8220; in anderen Worten) sind interessante Themenspazierg\u00e4nge f\u00fcr ein breites Publikum, bei denen die \u00fcberraschenden Winkel und Geschichten von Br\u00fcgge erkundet werden.<\/p>\t\t\t\t\t\t\t\t<\/div>\n\t\t\t\t<\/div>\n\t\t\t\t<div class=\"elementor-element elementor-element-10fcd68 elementor-widget elementor-widget-heading\" data-id=\"10fcd68\" data-element_type=\"widget\" data-e-type=\"widget\" data-widget_type=\"heading.default\">\n\t\t\t\t<div class=\"elementor-widget-container\">\n\t\t\t\t\t<h3 class=\"elementor-heading-title elementor-size-default\">Br\u00fcgge Heute<\/h3>\t\t\t\t<\/div>\n\t\t\t\t<\/div>\n\t\t\t\t<div class=\"elementor-element elementor-element-40d3c9f elementor-widget elementor-widget-text-editor\" data-id=\"40d3c9f\" data-element_type=\"widget\" data-e-type=\"widget\" data-widget_type=\"text-editor.default\">\n\t\t\t\t<div class=\"elementor-widget-container\">\n\t\t\t\t\t\t\t\t\t<p>Der Markt und die Burg sind immer noch da, aber es gibt noch viel mehr. Unsere 50 offiziellen und lokalen Stadtf\u00fchrer lieben das Br\u00fcgger Kulturerbe und m\u00f6chten es einem m\u00f6glichst breiten Publikum n\u00e4her bringen. Wir werden von <strong>Tourismus Br\u00fcgge<\/strong> und zahlreichen Partnern im Bereich des Kulturerbes engagiert. Ein spielerischer und interessanter Spaziergang als erste Einf\u00fchrung in Br\u00fcgge oder zum Eintauchen in die reiche Vergangenheit und Gegenwart der Stadt. S-wan hat f\u00fcr jeden einen passenden Spaziergang. Erkunden Sie die Themen und w\u00e4hlen Sie die Wanderung, die am besten zu Ihrer Gruppe passt.<\/p>\t\t\t\t\t\t\t\t<\/div>\n\t\t\t\t<\/div>\n\t\t\t\t<div class=\"elementor-element elementor-element-e2b333c elementor-icon-list--layout-traditional elementor-list-item-link-full_width elementor-widget elementor-widget-icon-list\" data-id=\"e2b333c\" data-element_type=\"widget\" data-e-type=\"widget\" data-widget_type=\"icon-list.default\">\n\t\t\t\t<div class=\"elementor-widget-container\">\n\t\t\t\t\t\t\t<ul class=\"elementor-icon-list-items\">\n\t\t\t\t\t\t\t<li class=\"elementor-icon-list-item\">\n\t\t\t\t\t\t\t\t\t\t\t<span class=\"elementor-icon-list-icon\">\n\t\t\t\t\t\t\t<i aria-hidden=\"true\" class=\"fas fa-check\"><\/i>\t\t\t\t\t\t<\/span>\n\t\t\t\t\t\t\t\t\t\t<span class=\"elementor-icon-list-text\">Kleiner Ma\u00dfstab<\/span>\n\t\t\t\t\t\t\t\t\t<\/li>\n\t\t\t\t\t\t\t\t<li class=\"elementor-icon-list-item\">\n\t\t\t\t\t\t\t\t\t\t\t<span class=\"elementor-icon-list-icon\">\n\t\t\t\t\t\t\t<i aria-hidden=\"true\" class=\"fas fa-check\"><\/i>\t\t\t\t\t\t<\/span>\n\t\t\t\t\t\t\t\t\t\t<span class=\"elementor-icon-list-text\">Qualit\u00e4t<\/span>\n\t\t\t\t\t\t\t\t\t<\/li>\n\t\t\t\t\t\t\t\t<li class=\"elementor-icon-list-item\">\n\t\t\t\t\t\t\t\t\t\t\t<span class=\"elementor-icon-list-icon\">\n\t\t\t\t\t\t\t<i aria-hidden=\"true\" class=\"fas fa-check\"><\/i>\t\t\t\t\t\t<\/span>\n\t\t\t\t\t\t\t\t\t\t<span class=\"elementor-icon-list-text\">Kundenorientiert<\/span>\n\t\t\t\t\t\t\t\t\t<\/li>\n\t\t\t\t\t\t\t\t<li class=\"elementor-icon-list-item\">\n\t\t\t\t\t\t\t\t\t\t\t<span class=\"elementor-icon-list-icon\">\n\t\t\t\t\t\t\t<i aria-hidden=\"true\" class=\"fas fa-check\"><\/i>\t\t\t\t\t\t<\/span>\n\t\t\t\t\t\t\t\t\t\t<span class=\"elementor-icon-list-text\">Lokale F\u00fchrer<\/span>\n\t\t\t\t\t\t\t\t\t<\/li>\n\t\t\t\t\t\t\t\t<li class=\"elementor-icon-list-item\">\n\t\t\t\t\t\t\t\t\t\t\t<span class=\"elementor-icon-list-icon\">\n\t\t\t\t\t\t\t<i aria-hidden=\"true\" class=\"fas fa-check\"><\/i>\t\t\t\t\t\t<\/span>\n\t\t\t\t\t\t\t\t\t\t<span class=\"elementor-icon-list-text\">Zertifiziert von Br\u00fcgge<\/span>\n\t\t\t\t\t\t\t\t\t<\/li>\n\t\t\t\t\t\t<\/ul>\n\t\t\t\t\t\t<\/div>\n\t\t\t\t<\/div>\n\t\t\t\t<div class=\"elementor-element elementor-element-21b5f37 elementor-widget elementor-widget-button\" data-id=\"21b5f37\" data-element_type=\"widget\" data-e-type=\"widget\" data-widget_type=\"button.default\">\n\t\t\t\t<div class=\"elementor-widget-container\">\n\t\t\t\t\t\t\t\t\t<div class=\"elementor-button-wrapper\">\n\t\t\t\t\t<a class=\"elementor-button elementor-button-link elementor-size-sm\" href=\"https:\/\/s-wan.maarevenonline.be\/de\/alle-touren\/\">\n\t\t\t\t\t\t<span class=\"elementor-button-content-wrapper\">\n\t\t\t\t\t\t\t\t\t<span class=\"elementor-button-text\">Entdecken Sie unsere F\u00fchrungen<\/span>\n\t\t\t\t\t<\/span>\n\t\t\t\t\t<\/a>\n\t\t\t\t<\/div>\n\t\t\t\t\t\t\t\t<\/div>\n\t\t\t\t<\/div>\n\t\t\t\t\t<\/div>\n\t\t<\/div>\n\t\t\t\t\t<\/div>\n\t\t<\/section>\n\t\t\t\t<\/div>\n\t\t","protected":false},"excerpt":{"rendered":"<p>20 Jahre S-wan \u00dcberraschende Zutaten f\u00fcr eine St\u00e4dtereise mit Stil! Unsere Geschichte 2006. Geert und Kurt, zwei junge Stadtf\u00fchrer aus Br\u00fcgge, tun sich zusammen. Sie befreien sich aus der Zwangsjacke des &#8222;klassischen Stadtspaziergangs&#8220;. Zum ersten Mal werden die Besucher mehr von Br\u00fcgge zu sehen bekommen als nur die traditionellen Pl\u00e4tze zwischen Marktplatz und Burg. Ihre [&hellip;]<\/p>\n","protected":false},"author":6,"featured_media":0,"parent":0,"menu_order":0,"comment_status":"closed","ping_status":"closed","template":"elementor_header_footer","meta":{"footnotes":""},"class_list":["post-1131","page","type-page","status-publish","hentry"],"yoast_head":"<!-- This site is optimized with the Yoast SEO plugin v27.6 - https:\/\/yoast.com\/product\/yoast-seo-wordpress\/ -->\n<title>Treffen Sie Br\u00fcgge S-wan guides &amp; tours | S-wan Brugge<\/title>\n<meta name=\"description\" content=\"Entdecken Sie die Urspr\u00fcnge von S-wan und ihre engagierten Reiseleiter in Br\u00fcgge. Selbst Tourismus Flandern sch\u00e4tzt uns sehr.\" \/>\n<meta name=\"robots\" content=\"noindex, follow, max-snippet:-1, max-image-preview:large, max-video-preview:-1\" \/>\n<meta property=\"og:locale\" content=\"de_DE\" \/>\n<meta property=\"og:type\" content=\"article\" \/>\n<meta property=\"og:title\" content=\"Treffen Sie Br\u00fcgge S-wan guides &amp; tours | S-wan Brugge\" \/>\n<meta property=\"og:description\" content=\"Entdecken Sie die Urspr\u00fcnge von S-wan und ihre engagierten Reiseleiter in Br\u00fcgge. Selbst Tourismus Flandern sch\u00e4tzt uns sehr.\" \/>\n<meta property=\"og:url\" content=\"https:\/\/s-wan.maarevenonline.be\/de\/ueber-s-wan-fuehrer\/\" \/>\n<meta property=\"og:site_name\" content=\"S-wan Brugge\" \/>\n<meta property=\"article:publisher\" content=\"https:\/\/www.facebook.com\/swanbrugge\" \/>\n<meta property=\"article:modified_time\" content=\"2026-01-14T08:35:05+00:00\" \/>\n<meta property=\"og:image\" content=\"https:\/\/s-wan.maarevenonline.be\/wp-content\/uploads\/2024\/05\/s-wan-brugge-rondleidingen.jpg\" \/>\n\t<meta property=\"og:image:width\" content=\"997\" \/>\n\t<meta property=\"og:image:height\" content=\"1665\" \/>\n\t<meta property=\"og:image:type\" content=\"image\/jpeg\" \/>\n<meta name=\"twitter:card\" content=\"summary_large_image\" \/>\n<meta name=\"twitter:label1\" content=\"Gesch\u00e4tzte Lesezeit\" \/>\n\t<meta name=\"twitter:data1\" content=\"1\u00a0Minute\" \/>\n<script type=\"application\/ld+json\" class=\"yoast-schema-graph\">{\"@context\":\"https:\\\/\\\/schema.org\",\"@graph\":[{\"@type\":\"WebPage\",\"@id\":\"https:\\\/\\\/s-wan.maarevenonline.be\\\/de\\\/ueber-s-wan-fuehrer\\\/\",\"url\":\"https:\\\/\\\/s-wan.maarevenonline.be\\\/de\\\/ueber-s-wan-fuehrer\\\/\",\"name\":\"Treffen Sie Br\u00fcgge S-wan guides & tours | S-wan Brugge\",\"isPartOf\":{\"@id\":\"https:\\\/\\\/s-wan.maarevenonline.be\\\/de\\\/#website\"},\"primaryImageOfPage\":{\"@id\":\"https:\\\/\\\/s-wan.maarevenonline.be\\\/de\\\/ueber-s-wan-fuehrer\\\/#primaryimage\"},\"image\":{\"@id\":\"https:\\\/\\\/s-wan.maarevenonline.be\\\/de\\\/ueber-s-wan-fuehrer\\\/#primaryimage\"},\"thumbnailUrl\":\"https:\\\/\\\/s-wan.maarevenonline.be\\\/wp-content\\\/uploads\\\/2024\\\/05\\\/s-wan-brugge-rondleidingen-613x1024.jpg\",\"datePublished\":\"2023-04-06T13:16:30+00:00\",\"dateModified\":\"2026-01-14T08:35:05+00:00\",\"description\":\"Entdecken Sie die Urspr\u00fcnge von S-wan und ihre engagierten Reiseleiter in Br\u00fcgge. Selbst Tourismus Flandern sch\u00e4tzt uns sehr.\",\"breadcrumb\":{\"@id\":\"https:\\\/\\\/s-wan.maarevenonline.be\\\/de\\\/ueber-s-wan-fuehrer\\\/#breadcrumb\"},\"inLanguage\":\"de\",\"potentialAction\":[{\"@type\":\"ReadAction\",\"target\":[\"https:\\\/\\\/s-wan.maarevenonline.be\\\/de\\\/ueber-s-wan-fuehrer\\\/\"]}]},{\"@type\":\"ImageObject\",\"inLanguage\":\"de\",\"@id\":\"https:\\\/\\\/s-wan.maarevenonline.be\\\/de\\\/ueber-s-wan-fuehrer\\\/#primaryimage\",\"url\":\"https:\\\/\\\/s-wan.maarevenonline.be\\\/wp-content\\\/uploads\\\/2024\\\/05\\\/s-wan-brugge-rondleidingen-613x1024.jpg\",\"contentUrl\":\"https:\\\/\\\/s-wan.maarevenonline.be\\\/wp-content\\\/uploads\\\/2024\\\/05\\\/s-wan-brugge-rondleidingen-613x1024.jpg\"},{\"@type\":\"BreadcrumbList\",\"@id\":\"https:\\\/\\\/s-wan.maarevenonline.be\\\/de\\\/ueber-s-wan-fuehrer\\\/#breadcrumb\",\"itemListElement\":[{\"@type\":\"ListItem\",\"position\":1,\"name\":\"Home\",\"item\":\"https:\\\/\\\/s-wan.maarevenonline.be\\\/de\\\/\"},{\"@type\":\"ListItem\",\"position\":2,\"name\":\"\u00dcber S-wan\"}]},{\"@type\":\"WebSite\",\"@id\":\"https:\\\/\\\/s-wan.maarevenonline.be\\\/de\\\/#website\",\"url\":\"https:\\\/\\\/s-wan.maarevenonline.be\\\/de\\\/\",\"name\":\"S-wan Brugge\",\"description\":\"Bezoek Brugge met een gids\",\"publisher\":{\"@id\":\"https:\\\/\\\/s-wan.maarevenonline.be\\\/de\\\/#organization\"},\"potentialAction\":[{\"@type\":\"SearchAction\",\"target\":{\"@type\":\"EntryPoint\",\"urlTemplate\":\"https:\\\/\\\/s-wan.maarevenonline.be\\\/de\\\/?s={search_term_string}\"},\"query-input\":{\"@type\":\"PropertyValueSpecification\",\"valueRequired\":true,\"valueName\":\"search_term_string\"}}],\"inLanguage\":\"de\"},{\"@type\":\"Organization\",\"@id\":\"https:\\\/\\\/s-wan.maarevenonline.be\\\/de\\\/#organization\",\"name\":\"S-wan Brugge\",\"url\":\"https:\\\/\\\/s-wan.maarevenonline.be\\\/de\\\/\",\"logo\":{\"@type\":\"ImageObject\",\"inLanguage\":\"de\",\"@id\":\"https:\\\/\\\/s-wan.maarevenonline.be\\\/de\\\/#\\\/schema\\\/logo\\\/image\\\/\",\"url\":\"https:\\\/\\\/s-wan.maarevenonline.be\\\/wp-content\\\/uploads\\\/2024\\\/04\\\/logo-s-wan-footer.webp\",\"contentUrl\":\"https:\\\/\\\/s-wan.maarevenonline.be\\\/wp-content\\\/uploads\\\/2024\\\/04\\\/logo-s-wan-footer.webp\",\"width\":403,\"height\":313,\"caption\":\"S-wan Brugge\"},\"image\":{\"@id\":\"https:\\\/\\\/s-wan.maarevenonline.be\\\/de\\\/#\\\/schema\\\/logo\\\/image\\\/\"},\"sameAs\":[\"https:\\\/\\\/www.facebook.com\\\/swanbrugge\",\"https:\\\/\\\/www.linkedin.com\\\/company\\\/s-wan-brugge-vzw\\\/\",\"https:\\\/\\\/www.tripadvisor.be\\\/Attraction_Review-g188671-d16845802-Reviews-S_wan_Bruges_guides_with_a_twist-Bruges_West_Flanders_Province.html\",\"https:\\\/\\\/www.instagram.com\\\/s_wan_guides_with_a_twist\\\/\"]}]}<\/script>\n<!-- \/ Yoast SEO plugin. -->","yoast_head_json":{"title":"Treffen Sie Br\u00fcgge S-wan guides & tours | S-wan Brugge","description":"Entdecken Sie die Urspr\u00fcnge von S-wan und ihre engagierten Reiseleiter in Br\u00fcgge. Selbst Tourismus Flandern sch\u00e4tzt uns sehr.","robots":{"index":"noindex","follow":"follow","max-snippet":"max-snippet:-1","max-image-preview":"max-image-preview:large","max-video-preview":"max-video-preview:-1"},"og_locale":"de_DE","og_type":"article","og_title":"Treffen Sie Br\u00fcgge S-wan guides & tours | S-wan Brugge","og_description":"Entdecken Sie die Urspr\u00fcnge von S-wan und ihre engagierten Reiseleiter in Br\u00fcgge. Selbst Tourismus Flandern sch\u00e4tzt uns sehr.","og_url":"https:\/\/s-wan.maarevenonline.be\/de\/ueber-s-wan-fuehrer\/","og_site_name":"S-wan Brugge","article_publisher":"https:\/\/www.facebook.com\/swanbrugge","article_modified_time":"2026-01-14T08:35:05+00:00","og_image":[{"width":997,"height":1665,"url":"https:\/\/s-wan.maarevenonline.be\/wp-content\/uploads\/2024\/05\/s-wan-brugge-rondleidingen.jpg","type":"image\/jpeg"}],"twitter_card":"summary_large_image","twitter_misc":{"Gesch\u00e4tzte Lesezeit":"1\u00a0Minute"},"schema":{"@context":"https:\/\/schema.org","@graph":[{"@type":"WebPage","@id":"https:\/\/s-wan.maarevenonline.be\/de\/ueber-s-wan-fuehrer\/","url":"https:\/\/s-wan.maarevenonline.be\/de\/ueber-s-wan-fuehrer\/","name":"Treffen Sie Br\u00fcgge S-wan guides & tours | S-wan Brugge","isPartOf":{"@id":"https:\/\/s-wan.maarevenonline.be\/de\/#website"},"primaryImageOfPage":{"@id":"https:\/\/s-wan.maarevenonline.be\/de\/ueber-s-wan-fuehrer\/#primaryimage"},"image":{"@id":"https:\/\/s-wan.maarevenonline.be\/de\/ueber-s-wan-fuehrer\/#primaryimage"},"thumbnailUrl":"https:\/\/s-wan.maarevenonline.be\/wp-content\/uploads\/2024\/05\/s-wan-brugge-rondleidingen-613x1024.jpg","datePublished":"2023-04-06T13:16:30+00:00","dateModified":"2026-01-14T08:35:05+00:00","description":"Entdecken Sie die Urspr\u00fcnge von S-wan und ihre engagierten Reiseleiter in Br\u00fcgge. Selbst Tourismus Flandern sch\u00e4tzt uns sehr.","breadcrumb":{"@id":"https:\/\/s-wan.maarevenonline.be\/de\/ueber-s-wan-fuehrer\/#breadcrumb"},"inLanguage":"de","potentialAction":[{"@type":"ReadAction","target":["https:\/\/s-wan.maarevenonline.be\/de\/ueber-s-wan-fuehrer\/"]}]},{"@type":"ImageObject","inLanguage":"de","@id":"https:\/\/s-wan.maarevenonline.be\/de\/ueber-s-wan-fuehrer\/#primaryimage","url":"https:\/\/s-wan.maarevenonline.be\/wp-content\/uploads\/2024\/05\/s-wan-brugge-rondleidingen-613x1024.jpg","contentUrl":"https:\/\/s-wan.maarevenonline.be\/wp-content\/uploads\/2024\/05\/s-wan-brugge-rondleidingen-613x1024.jpg"},{"@type":"BreadcrumbList","@id":"https:\/\/s-wan.maarevenonline.be\/de\/ueber-s-wan-fuehrer\/#breadcrumb","itemListElement":[{"@type":"ListItem","position":1,"name":"Home","item":"https:\/\/s-wan.maarevenonline.be\/de\/"},{"@type":"ListItem","position":2,"name":"\u00dcber S-wan"}]},{"@type":"WebSite","@id":"https:\/\/s-wan.maarevenonline.be\/de\/#website","url":"https:\/\/s-wan.maarevenonline.be\/de\/","name":"S-wan Brugge","description":"Bezoek Brugge met een gids","publisher":{"@id":"https:\/\/s-wan.maarevenonline.be\/de\/#organization"},"potentialAction":[{"@type":"SearchAction","target":{"@type":"EntryPoint","urlTemplate":"https:\/\/s-wan.maarevenonline.be\/de\/?s={search_term_string}"},"query-input":{"@type":"PropertyValueSpecification","valueRequired":true,"valueName":"search_term_string"}}],"inLanguage":"de"},{"@type":"Organization","@id":"https:\/\/s-wan.maarevenonline.be\/de\/#organization","name":"S-wan Brugge","url":"https:\/\/s-wan.maarevenonline.be\/de\/","logo":{"@type":"ImageObject","inLanguage":"de","@id":"https:\/\/s-wan.maarevenonline.be\/de\/#\/schema\/logo\/image\/","url":"https:\/\/s-wan.maarevenonline.be\/wp-content\/uploads\/2024\/04\/logo-s-wan-footer.webp","contentUrl":"https:\/\/s-wan.maarevenonline.be\/wp-content\/uploads\/2024\/04\/logo-s-wan-footer.webp","width":403,"height":313,"caption":"S-wan Brugge"},"image":{"@id":"https:\/\/s-wan.maarevenonline.be\/de\/#\/schema\/logo\/image\/"},"sameAs":["https:\/\/www.facebook.com\/swanbrugge","https:\/\/www.linkedin.com\/company\/s-wan-brugge-vzw\/","https:\/\/www.tripadvisor.be\/Attraction_Review-g188671-d16845802-Reviews-S_wan_Bruges_guides_with_a_twist-Bruges_West_Flanders_Province.html","https:\/\/www.instagram.com\/s_wan_guides_with_a_twist\/"]}]}},"_links":{"self":[{"href":"https:\/\/s-wan.maarevenonline.be\/de\/wp-json\/wp\/v2\/pages\/1131","targetHints":{"allow":["GET"]}}],"collection":[{"href":"https:\/\/s-wan.maarevenonline.be\/de\/wp-json\/wp\/v2\/pages"}],"about":[{"href":"https:\/\/s-wan.maarevenonline.be\/de\/wp-json\/wp\/v2\/types\/page"}],"author":[{"embeddable":true,"href":"https:\/\/s-wan.maarevenonline.be\/de\/wp-json\/wp\/v2\/users\/6"}],"replies":[{"embeddable":true,"href":"https:\/\/s-wan.maarevenonline.be\/de\/wp-json\/wp\/v2\/comments?post=1131"}],"version-history":[{"count":15,"href":"https:\/\/s-wan.maarevenonline.be\/de\/wp-json\/wp\/v2\/pages\/1131\/revisions"}],"predecessor-version":[{"id":5629,"href":"https:\/\/s-wan.maarevenonline.be\/de\/wp-json\/wp\/v2\/pages\/1131\/revisions\/5629"}],"wp:attachment":[{"href":"https:\/\/s-wan.maarevenonline.be\/de\/wp-json\/wp\/v2\/media?parent=1131"}],"curies":[{"name":"wp","href":"https:\/\/api.w.org\/{rel}","templated":true}]}}